{"id":16,"date":"2024-03-21T12:21:50","date_gmt":"2024-03-21T11:21:50","guid":{"rendered":"https:\/\/psy-tcc-enfant-brest.fr\/?page_id=16"},"modified":"2024-04-05T09:48:31","modified_gmt":"2024-04-05T07:48:31","slug":"qui-suis-je","status":"publish","type":"page","link":"https:\/\/psy-tcc-enfant-brest.fr\/index.php\/qui-suis-je\/","title":{"rendered":"Qui suis-je ?"},"content":{"rendered":"\n<p>Il n&#8217;est pas toujours \u00e9vident de choisir son psychologue, celui qui va nous accompagner dans un moment de vie o\u00f9 l&#8217;on rencontre des difficult\u00e9s. La relation entre un patient et son psychologue est cruciale pour le succ\u00e8s de la th\u00e9rapie. Il est important de se sentir \u00e0 l&#8217;aise et de pouvoir communiquer ouvertement.<\/p>\n\n\n\n<p>C&#8217;est pourquoi il me paraissait important de vous donner des informations permettant d&#8217;\u00e9clairer votre choix : mon parcours professionnel, mes formations, mes valeurs, mon champ d&#8217;expertise. Ces informations vous permettent de vous faire une id\u00e9e sur ma fa\u00e7on de pratiquer, et vous permettront de savoir si vous souhaitez que l&#8217;on se rencontre.<\/p>\n\n\n\n<p><a href=\"https:\/\/psy-tcc-enfant-brest.fr\/index.php\/qui-suis-je\/mon-parcours-professionnel\/\" data-type=\"page\" data-id=\"311\">Mon parcours professionnel<\/a><\/p>\n\n\n\n<p><a href=\"https:\/\/psy-tcc-enfant-brest.fr\/index.php\/qui-suis-je\/mon-parcours-de-formation\/\" data-type=\"page\" data-id=\"316\">Mon parcours de formation<\/a><\/p>\n\n\n\n<p><\/p>\n","protected":false},"excerpt":{"rendered":"<p>Il n&#8217;est pas toujours \u00e9vident de choisir son psychologue, celui qui va nous accompagner dans un moment de vie o\u00f9 l&#8217;on rencontre des difficult\u00e9s. La relation entre un patient et son psychologue est cruciale pour le succ\u00e8s de la th\u00e9rapie. Il est important de se sentir \u00e0 l&#8217;aise et de pouvoir communiquer ouvertement. C&#8217;est pourquoi il me paraissait important de vous donner des informations permettant d&#8217;\u00e9clairer votre choix : mon parcours professionnel, mes formations, mes valeurs, mon champ d&#8217;expertise. Ces informations vous permettent de vous faire une id\u00e9e sur ma fa\u00e7on de pratiquer, et vous permettront de savoir si vous souhaitez que l&#8217;on se rencontre. Mon parcours professionnel Mon parcours de formation<\/p>\n","protected":false},"author":1,"featured_media":0,"parent":0,"menu_order":1,"comment_status":"closed","ping_status":"closed","template":"page-with-sidebar","meta":{"footnotes":""},"class_list":["post-16","page","type-page","status-publish","hentry"],"_links":{"self":[{"href":"https:\/\/psy-tcc-enfant-brest.fr\/index.php\/wp-json\/wp\/v2\/pages\/16","targetHints":{"allow":["GET"]}}],"collection":[{"href":"https:\/\/psy-tcc-enfant-brest.fr\/index.php\/wp-json\/wp\/v2\/pages"}],"about":[{"href":"https:\/\/psy-tcc-enfant-brest.fr\/index.php\/wp-json\/wp\/v2\/types\/page"}],"author":[{"embeddable":true,"href":"https:\/\/psy-tcc-enfant-brest.fr\/index.php\/wp-json\/wp\/v2\/users\/1"}],"replies":[{"embeddable":true,"href":"https:\/\/psy-tcc-enfant-brest.fr\/index.php\/wp-json\/wp\/v2\/comments?post=16"}],"version-history":[{"count":12,"href":"https:\/\/psy-tcc-enfant-brest.fr\/index.php\/wp-json\/wp\/v2\/pages\/16\/revisions"}],"predecessor-version":[{"id":334,"href":"https:\/\/psy-tcc-enfant-brest.fr\/index.php\/wp-json\/wp\/v2\/pages\/16\/revisions\/334"}],"wp:attachment":[{"href":"https:\/\/psy-tcc-enfant-brest.fr\/index.php\/wp-json\/wp\/v2\/media?parent=16"}],"curies":[{"name":"wp","href":"https:\/\/api.w.org\/{rel}","templated":true}]}}