{"id":18,"date":"2024-03-21T12:27:32","date_gmt":"2024-03-21T11:27:32","guid":{"rendered":"https:\/\/psy-tcc-enfant-brest.fr\/?page_id=18"},"modified":"2024-04-05T09:51:47","modified_gmt":"2024-04-05T07:51:47","slug":"les-tcc","status":"publish","type":"page","link":"https:\/\/psy-tcc-enfant-brest.fr\/index.php\/les-tcc\/","title":{"rendered":"Les TCC"},"content":{"rendered":"\n<h2 class=\"wp-block-heading has-text-align-center\">Les Th\u00e9rapies Cognitives et Comportementales<\/h2>\n\n\n\n<p>\u00ab La TCC, c\u2019est quoi ? pour qui ? comment ? \u00bb<\/p>\n\n\n\n<figure class=\"wp-block-embed is-type-video is-provider-youtube wp-block-embed-youtube wp-embed-aspect-16-9 wp-has-aspect-ratio\"><div class=\"wp-block-embed__wrapper\">\n<iframe title=\"La TCC, c&#039;est quoi? pour qui? comment?\" width=\"960\" height=\"540\" src=\"https:\/\/www.youtube.com\/embed\/42TMjhsFf_4?feature=oembed\" frameborder=\"0\" allow=\"accelerometer; autoplay; clipboard-write; encrypted-media; gyroscope; picture-in-picture; web-share\" referrerpolicy=\"strict-origin-when-cross-origin\" allowfullscreen><\/iframe>\n<\/div><figcaption class=\"wp-element-caption\">Explications de la TCC<br> en vid\u00e9o<\/figcaption><\/figure>\n\n\n\n<p>Renseignements compl\u00e9mentaires sur le site de l&#8217;Association Fran\u00e7aise des Th\u00e9rapies Cognitives et Comportementales<\/p>\n\n\n\n<p><a href=\"https:\/\/www.aftcc.org\/les-therapies-comportementales-et-cognitives\">https:\/\/www.aftcc.org\/les-therapies-comportementales-et-cognitives<\/a><\/p>\n\n\n\n<p><span style=\"color: rgb(0, 0, 0); font-family: &quot;Times New Roman&quot;; font-size: medium; font-style: normal; font-variant-ligatures: normal; font-variant-caps: normal; font-weight: 400; letter-spacing: normal; orphans: 2; text-align: start; text-indent: 0px; text-transform: none; widows: 2; word-spacing: 0px; -webkit-text-stroke-width: 0px; white-space: normal; text-decoration-thickness: initial; text-decoration-style: initial; text-decoration-color: initial; display: inline !important; float: none;\"><\/span><\/p>\n","protected":false},"excerpt":{"rendered":"<p>Les Th\u00e9rapies Cognitives et Comportementales \u00ab La TCC, c\u2019est quoi ? pour qui ? comment ? \u00bb Renseignements compl\u00e9mentaires sur le site de l&#8217;Association Fran\u00e7aise des Th\u00e9rapies Cognitives et Comportementales https:\/\/www.aftcc.org\/les-therapies-comportementales-et-cognitives<\/p>\n","protected":false},"author":1,"featured_media":0,"parent":0,"menu_order":4,"comment_status":"closed","ping_status":"closed","template":"page-with-sidebar","meta":{"footnotes":""},"class_list":["post-18","page","type-page","status-publish","hentry"],"_links":{"self":[{"href":"https:\/\/psy-tcc-enfant-brest.fr\/index.php\/wp-json\/wp\/v2\/pages\/18","targetHints":{"allow":["GET"]}}],"collection":[{"href":"https:\/\/psy-tcc-enfant-brest.fr\/index.php\/wp-json\/wp\/v2\/pages"}],"about":[{"href":"https:\/\/psy-tcc-enfant-brest.fr\/index.php\/wp-json\/wp\/v2\/types\/page"}],"author":[{"embeddable":true,"href":"https:\/\/psy-tcc-enfant-brest.fr\/index.php\/wp-json\/wp\/v2\/users\/1"}],"replies":[{"embeddable":true,"href":"https:\/\/psy-tcc-enfant-brest.fr\/index.php\/wp-json\/wp\/v2\/comments?post=18"}],"version-history":[{"count":5,"href":"https:\/\/psy-tcc-enfant-brest.fr\/index.php\/wp-json\/wp\/v2\/pages\/18\/revisions"}],"predecessor-version":[{"id":335,"href":"https:\/\/psy-tcc-enfant-brest.fr\/index.php\/wp-json\/wp\/v2\/pages\/18\/revisions\/335"}],"wp:attachment":[{"href":"https:\/\/psy-tcc-enfant-brest.fr\/index.php\/wp-json\/wp\/v2\/media?parent=18"}],"curies":[{"name":"wp","href":"https:\/\/api.w.org\/{rel}","templated":true}]}}