{"id":42,"date":"2024-03-22T00:11:49","date_gmt":"2024-03-21T23:11:49","guid":{"rendered":"https:\/\/psy-tcc-enfant-brest.fr\/?page_id=42"},"modified":"2024-04-04T10:11:34","modified_gmt":"2024-04-04T08:11:34","slug":"pourquoi-consulter","status":"publish","type":"page","link":"https:\/\/psy-tcc-enfant-brest.fr\/index.php\/pourquoi-consulter\/","title":{"rendered":"Pourquoi consulter?"},"content":{"rendered":"\n<p><\/p>\n\n\n\n<p>Lorsque vous \u00eates inquiet pour votre enfant, ou que vous avez \u00e9t\u00e9 alert\u00e9 par l\u2019\u00e9cole, quand vous \u00e9prouvez des difficult\u00e9s en tant que parent, ou que vous avez le sentiment d\u2019avoir tout essay\u00e9, quelques s\u00e9ances avec un psychologue suffisent bien souvent \u00e0 trouver des solutions.<\/p>\n\n\n\n<p><\/p>\n\n\n\n<p class=\"has-medium-font-size\"><strong>Chez le jeune enfant&nbsp;:<\/strong><\/p>\n\n\n\n<p>Chez le jeune enfant, les difficult\u00e9s psychologiques s\u2019expriment souvent \u00e0 travers le corps (maux de t\u00eate, de ventre\u2026), le comportement (col\u00e8res, refus\u2026), ou des comportements r\u00e9gressifs. L\u2019\u00e9cole peut \u00e9galement alerter sur certaines difficult\u00e9s (dans le lien aux autres ou dans les apprentissages) qui peuvent ne pas apparaitre \u00e0 la maison.<\/p>\n\n\n\n<p>D\u2019une mani\u00e8re g\u00e9n\u00e9rale, certains sympt\u00f4mes peuvent vous mettre en alerte par rapport au bien-\u00eatre de votre enfant. Certains sympt\u00f4mes sont parfois passagers, mais il peut \u00eatre utile de consulter lorsque ceux-ci s\u2019installent, malgr\u00e9 vos tentatives d\u2019aider votre enfant \u00e0 les soulager&nbsp;:<\/p>\n\n\n\n<ul class=\"wp-block-list\">\n<li>Il a des difficult\u00e9s \u00e0 s\u2019endormir, se r\u00e9veille la nuit, fait des cauchemars<\/li>\n\n\n\n<li>Il&nbsp;<strong>refuse toute autorit\u00e9<\/strong>, est en opposition permanente<\/li>\n\n\n\n<li>Il fait des <strong>crises de col\u00e8res<\/strong><\/li>\n\n\n\n<li>Il est<strong>&nbsp;agit\u00e9<\/strong>, d\u00e9crit comme hyperactif<\/li>\n\n\n\n<li>Il refuse de manger<\/li>\n\n\n\n<li>Il&nbsp;<strong>r\u00e9gresse<\/strong>&nbsp;(\u00e9nur\u00e9sie ou encopr\u00e9sie)<\/li>\n\n\n\n<li>Il manifeste de&nbsp;la&nbsp;<strong>jalousie<\/strong>&nbsp;face \u00e0 l\u2019arriv\u00e9e de la petite s\u0153ur ou du petit fr\u00e8re<\/li>\n\n\n\n<li>Il b\u00e9gaie ou a un retard dans la parole<\/li>\n\n\n\n<li>Il est inquiet quand vous vous \u00e9loignez, \u00e9prouve de l&#8217;<strong>anxi\u00e9t\u00e9 de s\u00e9paration<\/strong><\/li>\n<\/ul>\n\n\n\n<p><\/p>\n\n\n\n<p class=\"has-medium-font-size\"><strong>Chez l&#8217;enfant plus \u00e2g\u00e9 : <\/strong><\/p>\n\n\n\n<p>En grandissant, d&#8217;autres sympt\u00f4mes peuvent apparaitre : <\/p>\n\n\n\n<ul class=\"wp-block-list\">\n<li>Ses r\u00e9sultats scolaires chutent (blocages, phobie scolaire,&nbsp;<strong>difficult\u00e9s d\u2019apprentissage, difficult\u00e9 de concentration)<\/strong><\/li>\n\n\n\n<li>Il fait des cauchemars, refuse de s\u2019endormir<\/li>\n\n\n\n<li>Il a des&nbsp;<strong>comportements agit\u00e9s, voire agressifs,&nbsp;<\/strong>il r\u00e9pond \u00e0 l\u2019adulte<\/li>\n\n\n\n<li>Il a des comportements de retrait (il n\u2019a pas confiance en lui, ne r\u00e9pond pas quand on l\u2019emb\u00eate)<\/li>\n\n\n\n<li>Il des&nbsp;<strong>difficult\u00e9s relationnelles<\/strong>&nbsp;(copains, professeurs, famille\u2026)<\/li>\n\n\n\n<li>Il a&nbsp;<strong>des peurs<\/strong>&nbsp;(d\u2019aller \u00e0 l\u2019\u00e9cole, au quotidien, de&nbsp;s\u00e9paration)\u2026<\/li>\n<\/ul>\n\n\n\n<p><\/p>\n\n\n\n<p class=\"has-medium-font-size\"><strong>Chez l&#8217;adolescent&nbsp;:<\/strong><\/p>\n\n\n\n<p>La \u00ab&nbsp;crise d\u2019ado&nbsp;\u00bb est un passage qui peut \u00eatre difficile pour le jeune et peut se traduire par :<\/p>\n\n\n\n<ul class=\"wp-block-list\">\n<li><strong>L\u2019isolement,<\/strong>&nbsp;le d\u00e9sinvestissement des relations (reste dans sa chambre, n\u2019apprend plus au lyc\u00e9e, joue aux jeux vid\u00e9os)<\/li>\n\n\n\n<li>Une <strong>utilisation excessive des \u00e9crans<\/strong> : t\u00e9l\u00e9phones portables, r\u00e9seaux sociaux, &#8220;d\u00e9pendance&#8221; aux jeux vid\u00e9o<\/li>\n\n\n\n<li>Un<strong> refus de dialogue <\/strong>avec ses parents<\/li>\n\n\n\n<li>Des <strong>troubles du comportement alimentaire<\/strong> (anorexie, boulimie, hyperphagie)<\/li>\n\n\n\n<li>Une<strong> baisse <\/strong>inhabituelle des&nbsp;<strong>&nbsp;r\u00e9sultats scolaires<\/strong><\/li>\n\n\n\n<li>Une<strong> victimisation dans le groupe<\/strong>&nbsp;(se plaint de ne pas avoir d\u2019amis, suspicion de harc\u00e8lement ou de racket)<\/li>\n\n\n\n<li>Des<strong> questionnements sur la sexualit\u00e9<\/strong>&nbsp;(rapport au corps, complexes, provocation\u2026)<\/li>\n\n\n\n<li><strong>Des conduites \u00e0 risques<\/strong>&nbsp;(vols, fugues, drogues\u2026)\u2026<\/li>\n<\/ul>\n\n\n\n<p><\/p>\n\n\n\n<p class=\"has-medium-font-size\"><strong>Chez le jeune adulte :<\/strong><\/p>\n\n\n\n<p>Le jeune adulte est dans une phase de vie pleine de transitions o\u00f9 il faut faire face \u00e0 de nombreux changements dans sa vie (rentr\u00e9e dans les \u00e9tudes sup\u00e9rieures, premier emploi, premier logement&#8230;) Cette phase particuli\u00e8re peut \u00eatre synonyme :<\/p>\n\n\n\n<ul class=\"wp-block-list\">\n<li>D<strong>&#8216;inqui\u00e9tudes<\/strong> particuli\u00e8res (examens, entretien d&#8217;embauche..) <\/li>\n\n\n\n<li>D&#8217;<strong>anxi\u00e9t\u00e9 <\/strong>(\u00e9co anxi\u00e9t\u00e9, crises d&#8217;angoisses ou trouble panique, anxi\u00e9t\u00e9 sociale, phobie&#8230;)<\/li>\n\n\n\n<li>De <strong>TOC<\/strong>s (Trouble Obsessionnel Compulsif)<\/li>\n\n\n\n<li>De <strong>d\u00e9pression <\/strong>(sentiment de d\u00e9valorisation, d&#8217;impuissance, d&#8217;abattement, de tristesse, de culpabilit\u00e9, de fatigue, d&#8217;id\u00e9es suicidaires&#8230;)<\/li>\n<\/ul>\n\n\n\n<p><\/p>\n\n\n\n<p class=\"has-medium-font-size\"><strong>Parents&nbsp;:<\/strong><\/p>\n\n\n\n<ul class=\"wp-block-list\">\n<li>Quand vous avez l\u2019impression de passer votre temps \u00e0&nbsp;<strong>crier<\/strong><\/li>\n\n\n\n<li>Quand vous avez besoin de&nbsp;<strong>r\u00e9p\u00e9ter<\/strong>&nbsp;plusieurs fois la m\u00eame chose sans r\u00e9sultat<\/li>\n\n\n\n<li>Quand vous&nbsp;<strong>ne comprenez pas le comportement<\/strong>&nbsp;de vos enfants<\/li>\n\n\n\n<li>Quand vous&nbsp;<strong>n\u2019arrivez pas \u00e0 discuter<\/strong>&nbsp;avec vos enfants<\/li>\n\n\n\n<li>Quand vous&nbsp;<strong>ne savez pas r\u00e9pondre aux questions<\/strong>&nbsp;de vos enfants<\/li>\n\n\n\n<li>Quand le moment des&nbsp;<strong>devoirs<\/strong>&nbsp;devient <strong>source de tensions<\/strong><\/li>\n\n\n\n<li>Quand vous voulez pr\u00e9parer vos enfants \u00e0&nbsp;<strong>l\u2019arriv\u00e9e d\u2019un fr\u00e8re ou d\u2019une s\u0153ur , ou a la cr\u00e9ation d\u2019une famille recompos\u00e9e<\/strong><\/li>\n\n\n\n<li>Quand vous souhaitez aider vos enfants lors d\u2019une&nbsp;<strong>s\u00e9paration\u2026.<\/strong><\/li>\n<\/ul>\n\n\n\n<p><\/p>\n\n\n\n<p class=\"has-medium-font-size\"><strong>En p\u00e9rinatalit\u00e9<\/strong> : <\/p>\n\n\n\n<p>Plusieurs situations peuvent amener \u00e0 une consultation d&#8217;accompagnement p\u00e9rinatal<\/p>\n\n\n\n<ul class=\"wp-block-list\">\n<li><strong>Quand l&#8217;enfant ne vient pas<\/strong> (difficult\u00e9 \u00e0 \u00eatre enceinte, fausse couches, \u00e9chec de PMA (Procr\u00e9ation m\u00e9dicalement assist\u00e9e).&nbsp;C\u2019est une souffrance pour la m\u00e8re, le p\u00e8re qui ne voient pas leur d\u00e9sir d\u2019enfant se r\u00e9aliser. Ils vivent la perte, la d\u00e9ception, l\u2019espoir, la col\u00e8re, la r\u00e9volte, la tristesse, la solitude. Le r\u00f4le du psychologue est de les aider \u00e0 reconna\u00eetre leurs \u00e9motions intenses, \u00e0 les accepter pour pouvoir traverser cette \u00e9preuve au lieu de la subir.<\/li>\n\n\n\n<li><strong>L&#8217;aide m\u00e9dicale \u00e0 la procr\u00e9ation (PMA)<\/strong>: les techniques de procr\u00e9ations assist\u00e9es sont particuli\u00e8rement intrusives tant au niveau du corps qu&#8217;au niveau du couple et de son intimit\u00e9. L\u2019ascenseur \u00e9motionnel v\u00e9cu par les personnes en parcours de PMA peut \u00eatre particuli\u00e8rement fatiguant et \u00e9prouvant, d&#8217;o\u00f9 la n\u00e9cessit\u00e9 d&#8217;un accompagnement sp\u00e9cifique pour ces parcours difficiles et douloureux.<\/li>\n\n\n\n<li><strong>La grossesse<\/strong>: une femme enceinte peut&nbsp;ressentir diff\u00e9rentes \u00e9motions, des doutes, des inqui\u00e9tudes, autour du b\u00e9b\u00e9 qu\u2019elle porte, du b\u00e9b\u00e9 qu\u2019elle imagine et aussi de la m\u00e8re qu\u2019elle sera, du p\u00e8re, de sa famille. <\/li>\n\n\n\n<li><strong>La naissance<\/strong><strong>:<\/strong>&nbsp;quand&nbsp;les parents vivent une naissance traumatisante (comme une naissance pr\u00e9matur\u00e9e, une complication \u00e0 la naissance, un accouchement difficile) <\/li>\n\n\n\n<li><strong>La relation pr\u00e9coce parent-b\u00e9b\u00e9<\/strong>: quand l\u2019enfant na\u00eet, la m\u00e8re et le p\u00e8re rencontrent leur b\u00e9b\u00e9 et commencent \u00e0 construire une nouvelle relation avec lui. Les premiers liens avec leur enfant peuvent parfois \u00eatre perturb\u00e9s lorsque la grossesse a \u00e9t\u00e9 difficile, lors d&#8217;une histoire familiale douloureuse, d&#8217;un probl\u00e8me au sein du couple, d&#8217;un accouchement difficile ou traumatique.<\/li>\n<\/ul>\n\n\n\n<h2 class=\"wp-block-heading has-black-color has-black-background-color has-text-color has-background has-link-color wp-elements-07d85355f1501dbc8023e49e01c08be0\">psy tcc brest &#8211; meilleur psy enfant brest &#8211; psychologue enfant brest &#8211; psychologue ado &#8211; adolescent brest<\/h2>\n","protected":false},"excerpt":{"rendered":"<p>Lorsque vous \u00eates inquiet pour votre enfant, ou que vous avez \u00e9t\u00e9 alert\u00e9 par l\u2019\u00e9cole, quand vous \u00e9prouvez des difficult\u00e9s en tant que parent, ou que vous avez le sentiment d\u2019avoir tout essay\u00e9, quelques s\u00e9ances avec un psychologue suffisent bien souvent \u00e0 trouver des solutions. Chez le jeune enfant&nbsp;: Chez le jeune enfant, les difficult\u00e9s psychologiques s\u2019expriment souvent \u00e0 travers le corps (maux de t\u00eate, de ventre\u2026), le comportement (col\u00e8res, refus\u2026), ou des comportements r\u00e9gressifs. L\u2019\u00e9cole peut \u00e9galement alerter sur certaines difficult\u00e9s (dans le lien aux autres ou dans les apprentissages) qui peuvent ne pas apparaitre \u00e0 la maison. D\u2019une mani\u00e8re g\u00e9n\u00e9rale, certains sympt\u00f4mes peuvent vous mettre en alerte par rapport au bien-\u00eatre de votre enfant. Certains sympt\u00f4mes sont parfois passagers, mais il peut \u00eatre utile de consulter lorsque ceux-ci s\u2019installent, malgr\u00e9 vos tentatives d\u2019aider votre enfant \u00e0 les soulager&nbsp;: Chez l&#8217;enfant plus \u00e2g\u00e9 : En grandissant, d&#8217;autres sympt\u00f4mes peuvent apparaitre : Chez l&#8217;adolescent&nbsp;: La \u00ab&nbsp;crise d\u2019ado&nbsp;\u00bb est un passage qui peut \u00eatre difficile pour le jeune et peut se traduire par : Chez le jeune adulte : Le jeune adulte est dans une phase de vie pleine de transitions o\u00f9 il faut faire face \u00e0 de nombreux changements dans sa vie (rentr\u00e9e dans les \u00e9tudes sup\u00e9rieures, premier emploi, premier logement&#8230;) Cette phase particuli\u00e8re peut \u00eatre synonyme : Parents&nbsp;: En p\u00e9rinatalit\u00e9 : Plusieurs situations peuvent amener \u00e0 une consultation d&#8217;accompagnement p\u00e9rinatal psy tcc brest &#8211; meilleur psy enfant brest &#8211; psychologue enfant brest &#8211; psychologue ado &#8211; adolescent brest<\/p>\n","protected":false},"author":1,"featured_media":0,"parent":0,"menu_order":2,"comment_status":"closed","ping_status":"closed","template":"page-with-sidebar","meta":{"footnotes":""},"class_list":["post-42","page","type-page","status-publish","hentry"],"_links":{"self":[{"href":"https:\/\/psy-tcc-enfant-brest.fr\/index.php\/wp-json\/wp\/v2\/pages\/42","targetHints":{"allow":["GET"]}}],"collection":[{"href":"https:\/\/psy-tcc-enfant-brest.fr\/index.php\/wp-json\/wp\/v2\/pages"}],"about":[{"href":"https:\/\/psy-tcc-enfant-brest.fr\/index.php\/wp-json\/wp\/v2\/types\/page"}],"author":[{"embeddable":true,"href":"https:\/\/psy-tcc-enfant-brest.fr\/index.php\/wp-json\/wp\/v2\/users\/1"}],"replies":[{"embeddable":true,"href":"https:\/\/psy-tcc-enfant-brest.fr\/index.php\/wp-json\/wp\/v2\/comments?post=42"}],"version-history":[{"count":13,"href":"https:\/\/psy-tcc-enfant-brest.fr\/index.php\/wp-json\/wp\/v2\/pages\/42\/revisions"}],"predecessor-version":[{"id":288,"href":"https:\/\/psy-tcc-enfant-brest.fr\/index.php\/wp-json\/wp\/v2\/pages\/42\/revisions\/288"}],"wp:attachment":[{"href":"https:\/\/psy-tcc-enfant-brest.fr\/index.php\/wp-json\/wp\/v2\/media?parent=42"}],"curies":[{"name":"wp","href":"https:\/\/api.w.org\/{rel}","templated":true}]}}