{"id":63,"date":"2024-03-22T00:29:30","date_gmt":"2024-03-21T23:29:30","guid":{"rendered":"https:\/\/psy-tcc-enfant-brest.fr\/?page_id=63"},"modified":"2024-03-29T18:42:56","modified_gmt":"2024-03-29T17:42:56","slug":"contact","status":"publish","type":"page","link":"https:\/\/psy-tcc-enfant-brest.fr\/index.php\/contact\/","title":{"rendered":"Contact"},"content":{"rendered":"\n<p>Vous pouvez prendre rdv sur mon agenda en ligne via Docorga :<\/p>\n\n\n\n<div class=\"wp-block-group\"><div class=\"wp-block-group__inner-container is-layout-constrained wp-block-group-is-layout-constrained\">\n<div class=\"wp-block-buttons is-content-justification-center is-layout-flex wp-container-core-buttons-is-layout-16018d1d wp-block-buttons-is-layout-flex\">\n<div class=\"wp-block-button\"><a class=\"wp-block-button__link wp-element-button\" href=\"https:\/\/docorga.com\/praticien\/65cf341779e8af994ba9e13e\" target=\"_blank\" rel=\"noreferrer noopener\">Prendre rdv sur Docorga<\/a><\/div>\n<\/div>\n<\/div><\/div>\n\n\n\n<p> <br>Adresse : 9 rue S\u00e9bastopol, 29200 BREST <\/p>\n\n\n\n<p><a href=\"mailto:nolwenn.milon.psychologue@gmail.com\">nolwenn.milon.psychologue@gmail.com<\/a>   \/   07 63 23 29 27<\/p>\n\n\n\n<p><iframe src=\"https:\/\/www.google.com\/maps\/embed?pb=!1m18!1m12!1m3!1d2649.093229821781!2d-4.476009923608914!3d48.39715273305446!2m3!1f0!2f0!3f0!3m2!1i1024!2i768!4f13.1!3m3!1m2!1s0x4816bbdbfcc5bb93%3A0x99b4a0c265fb0113!2s9%20Rue%20S%C3%A9bastopol%2C%2029200%20Brest!5e0!3m2!1sfr!2sfr!4v1711111613206!5m2!1sfr!2sfr\" width=\"600\" height=\"450\" style=\"border:0;\" allowfullscreen=\"\" loading=\"lazy\" referrerpolicy=\"no-referrer-when-downgrade\"><\/iframe><\/p>\n\n\n\n<p>Situ\u00e9 dans le quartier du Pilier Rouge et proche du quartier Saint Martin \u00e0 Brest, le cabinet est facile d\u2019acc\u00e8s et situ\u00e9 pr\u00e8s des transports en commun et des grands axes.<\/p>\n\n\n\n<p>Tram&nbsp;: Arr\u00eat Octroi<\/p>\n\n\n\n<p>Bus&nbsp;: &nbsp;lignes 3, 101 (Arr\u00eat Octroi)<\/p>\n\n\n\n<p>Des places de parking gratuites sont situ\u00e9es autour du cabinet.<\/p>\n\n\n\n<p>Le cabinet se situe au rez-de-chauss\u00e9e, avec acc\u00e8s handicap\u00e9s.<\/p>\n\n\n\n<p>Le cabinet est partag\u00e9 avec Marine PIEJUS, sage-femme   \/   06 69 37 54 22<\/p>\n\n\n\n<figure class=\"wp-block-gallery has-nested-images columns-default is-cropped wp-block-gallery-1 is-layout-flex wp-block-gallery-is-layout-flex\">\n<figure class=\"wp-block-image size-large\"><img fetchpriority=\"high\" decoding=\"async\" width=\"1024\" height=\"768\" data-id=\"272\" src=\"https:\/\/psy-tcc-enfant-brest.fr\/wp-content\/uploads\/2024\/03\/cabinet-tcc-milon-brest-1-1024x768.jpg\" alt=\"\" class=\"wp-image-272\" srcset=\"https:\/\/psy-tcc-enfant-brest.fr\/wp-content\/uploads\/2024\/03\/cabinet-tcc-milon-brest-1-1024x768.jpg 1024w, https:\/\/psy-tcc-enfant-brest.fr\/wp-content\/uploads\/2024\/03\/cabinet-tcc-milon-brest-1-300x225.jpg 300w, https:\/\/psy-tcc-enfant-brest.fr\/wp-content\/uploads\/2024\/03\/cabinet-tcc-milon-brest-1-768x576.jpg 768w, https:\/\/psy-tcc-enfant-brest.fr\/wp-content\/uploads\/2024\/03\/cabinet-tcc-milon-brest-1-1536x1152.jpg 1536w, https:\/\/psy-tcc-enfant-brest.fr\/wp-content\/uploads\/2024\/03\/cabinet-tcc-milon-brest-1-1140x855.jpg 1140w, https:\/\/psy-tcc-enfant-brest.fr\/wp-content\/uploads\/2024\/03\/cabinet-tcc-milon-brest-1.jpg 1600w\" sizes=\"(max-width: 1024px) 100vw, 1024px\" \/><\/figure>\n\n\n\n<figure class=\"wp-block-image size-large\"><img decoding=\"async\" width=\"768\" height=\"1024\" data-id=\"271\" src=\"https:\/\/psy-tcc-enfant-brest.fr\/wp-content\/uploads\/2024\/03\/cabinet-accueil-tcc-brest-768x1024.jpg\" alt=\"\" class=\"wp-image-271\" srcset=\"https:\/\/psy-tcc-enfant-brest.fr\/wp-content\/uploads\/2024\/03\/cabinet-accueil-tcc-brest-768x1024.jpg 768w, https:\/\/psy-tcc-enfant-brest.fr\/wp-content\/uploads\/2024\/03\/cabinet-accueil-tcc-brest-225x300.jpg 225w, https:\/\/psy-tcc-enfant-brest.fr\/wp-content\/uploads\/2024\/03\/cabinet-accueil-tcc-brest-1152x1536.jpg 1152w, https:\/\/psy-tcc-enfant-brest.fr\/wp-content\/uploads\/2024\/03\/cabinet-accueil-tcc-brest-1140x1520.jpg 1140w, https:\/\/psy-tcc-enfant-brest.fr\/wp-content\/uploads\/2024\/03\/cabinet-accueil-tcc-brest.jpg 1200w\" sizes=\"(max-width: 768px) 100vw, 768px\" \/><\/figure>\n\n\n\n<figure class=\"wp-block-image size-large\"><img decoding=\"async\" width=\"768\" height=\"1024\" data-id=\"261\" src=\"https:\/\/psy-tcc-enfant-brest.fr\/wp-content\/uploads\/2024\/03\/WhatsApp-Image-2024-03-29-a-15.39.29_f82ab36c-768x1024.jpg\" alt=\"\" class=\"wp-image-261\" srcset=\"https:\/\/psy-tcc-enfant-brest.fr\/wp-content\/uploads\/2024\/03\/WhatsApp-Image-2024-03-29-a-15.39.29_f82ab36c-768x1024.jpg 768w, https:\/\/psy-tcc-enfant-brest.fr\/wp-content\/uploads\/2024\/03\/WhatsApp-Image-2024-03-29-a-15.39.29_f82ab36c-225x300.jpg 225w, https:\/\/psy-tcc-enfant-brest.fr\/wp-content\/uploads\/2024\/03\/WhatsApp-Image-2024-03-29-a-15.39.29_f82ab36c-1152x1536.jpg 1152w, https:\/\/psy-tcc-enfant-brest.fr\/wp-content\/uploads\/2024\/03\/WhatsApp-Image-2024-03-29-a-15.39.29_f82ab36c-1140x1520.jpg 1140w, https:\/\/psy-tcc-enfant-brest.fr\/wp-content\/uploads\/2024\/03\/WhatsApp-Image-2024-03-29-a-15.39.29_f82ab36c.jpg 1200w\" sizes=\"(max-width: 768px) 100vw, 768px\" \/><\/figure>\n<\/figure>\n","protected":false},"excerpt":{"rendered":"<p>Vous pouvez prendre rdv sur mon agenda en ligne via Docorga : Adresse : 9 rue S\u00e9bastopol, 29200 BREST nolwenn.milon.psychologue@gmail.com \/ 07 63 23 29 27 Situ\u00e9 dans le quartier du Pilier Rouge et proche du quartier Saint Martin \u00e0 Brest, le cabinet est facile d\u2019acc\u00e8s et situ\u00e9 pr\u00e8s des transports en commun et des grands axes. Tram&nbsp;: Arr\u00eat Octroi Bus&nbsp;: &nbsp;lignes 3, 101 (Arr\u00eat Octroi) Des places de parking gratuites sont situ\u00e9es autour du cabinet. Le cabinet se situe au rez-de-chauss\u00e9e, avec acc\u00e8s handicap\u00e9s. Le cabinet est partag\u00e9 avec Marine PIEJUS, sage-femme \/ 06 69 37 54 22<\/p>\n","protected":false},"author":1,"featured_media":0,"parent":0,"menu_order":6,"comment_status":"closed","ping_status":"closed","template":"page-with-sidebar","meta":{"footnotes":""},"class_list":["post-63","page","type-page","status-publish","hentry"],"_links":{"self":[{"href":"https:\/\/psy-tcc-enfant-brest.fr\/index.php\/wp-json\/wp\/v2\/pages\/63","targetHints":{"allow":["GET"]}}],"collection":[{"href":"https:\/\/psy-tcc-enfant-brest.fr\/index.php\/wp-json\/wp\/v2\/pages"}],"about":[{"href":"https:\/\/psy-tcc-enfant-brest.fr\/index.php\/wp-json\/wp\/v2\/types\/page"}],"author":[{"embeddable":true,"href":"https:\/\/psy-tcc-enfant-brest.fr\/index.php\/wp-json\/wp\/v2\/users\/1"}],"replies":[{"embeddable":true,"href":"https:\/\/psy-tcc-enfant-brest.fr\/index.php\/wp-json\/wp\/v2\/comments?post=63"}],"version-history":[{"count":15,"href":"https:\/\/psy-tcc-enfant-brest.fr\/index.php\/wp-json\/wp\/v2\/pages\/63\/revisions"}],"predecessor-version":[{"id":273,"href":"https:\/\/psy-tcc-enfant-brest.fr\/index.php\/wp-json\/wp\/v2\/pages\/63\/revisions\/273"}],"wp:attachment":[{"href":"https:\/\/psy-tcc-enfant-brest.fr\/index.php\/wp-json\/wp\/v2\/media?parent=63"}],"curies":[{"name":"wp","href":"https:\/\/api.w.org\/{rel}","templated":true}]}}