{"id":65,"date":"2024-03-22T00:29:59","date_gmt":"2024-03-21T23:29:59","guid":{"rendered":"https:\/\/psy-tcc-enfant-brest.fr\/?page_id=65"},"modified":"2024-03-27T23:28:08","modified_gmt":"2024-03-27T22:28:08","slug":"prestations","status":"publish","type":"page","link":"https:\/\/psy-tcc-enfant-brest.fr\/index.php\/prestations\/","title":{"rendered":"Prestations"},"content":{"rendered":"\n<p>Du premier rdv au suivi r\u00e9gulier en consultation, quelques \u00e9l\u00e9ments indicatifs des prestations que je propose selon vos besoins : <em>(cliquez pour acc\u00e9dez)<\/em><\/p>\n\n\n\n<p class=\"has-text-align-center\"><a href=\"https:\/\/psy-tcc-enfant-brest.fr\/index.php\/prestations\/le-1er-rdv-ca-se-passe-comment\/\">1er RDV : \u00e7a se passe comment?<\/a><\/p>\n\n\n\n<p class=\"has-text-align-center\"><a href=\"https:\/\/psy-tcc-enfant-brest.fr\/index.php\/prestations\/consultations-enfants\/\">Consultations Enfants<\/a><\/p>\n\n\n\n<p class=\"has-text-align-center\"><a href=\"https:\/\/psy-tcc-enfant-brest.fr\/index.php\/prestations\/consultations-adolescents\/\">Consultations Adolescents<\/a><\/p>\n\n\n\n<p class=\"has-text-align-center\"><a href=\"https:\/\/psy-tcc-enfant-brest.fr\/index.php\/consultations-jeunes-adultes-adultes\/\">Consultations Jeunes Adultes et Adultes<\/a><\/p>\n\n\n\n<p class=\"has-text-align-center\"><a href=\"https:\/\/psy-tcc-enfant-brest.fr\/index.php\/consultations-parents\/\">Consultations Parents<\/a><\/p>\n\n\n\n<p>Dans chacune des consultations, l\u2019arr\u00eat de la th\u00e9rapie se d\u00e9cide ensemble lorsque vous ou votre enfant avez atteint les objectifs que chacun s\u2019\u00e9tait fix\u00e9. Il n\u2019est pas possible de d\u00e9finir \u00e0 l\u2019avance le nombre de consultations n\u00e9cessaires car cela d\u00e9pend de nombreux facteurs. Chaque suivi est une exp\u00e9rience diff\u00e9rente et il est possible aussi de s\u2019\u00e9carter du plan \u00e9tablit si la th\u00e9rapie le n\u00e9cessite.<\/p>\n\n\n\n<figure class=\"wp-block-gallery has-nested-images columns-default is-cropped wp-block-gallery-1 is-layout-flex wp-block-gallery-is-layout-flex\">\n<figure class=\"wp-block-image size-large\"><img fetchpriority=\"high\" decoding=\"async\" width=\"1024\" height=\"678\" data-id=\"139\" src=\"https:\/\/psy-tcc-enfant-brest.fr\/wp-content\/uploads\/2024\/03\/person-2918216_1280-1024x678.jpg\" alt=\"\" class=\"wp-image-139\" srcset=\"https:\/\/psy-tcc-enfant-brest.fr\/wp-content\/uploads\/2024\/03\/person-2918216_1280-1024x678.jpg 1024w, https:\/\/psy-tcc-enfant-brest.fr\/wp-content\/uploads\/2024\/03\/person-2918216_1280-300x199.jpg 300w, https:\/\/psy-tcc-enfant-brest.fr\/wp-content\/uploads\/2024\/03\/person-2918216_1280-768x509.jpg 768w, https:\/\/psy-tcc-enfant-brest.fr\/wp-content\/uploads\/2024\/03\/person-2918216_1280.jpg 1280w\" sizes=\"(max-width: 1024px) 100vw, 1024px\" \/><\/figure>\n\n\n\n<figure class=\"wp-block-image size-large\"><img decoding=\"async\" width=\"1024\" height=\"682\" data-id=\"137\" src=\"https:\/\/psy-tcc-enfant-brest.fr\/wp-content\/uploads\/2024\/03\/hands-1797401_1280-1024x682.jpg\" alt=\"\" class=\"wp-image-137\" srcset=\"https:\/\/psy-tcc-enfant-brest.fr\/wp-content\/uploads\/2024\/03\/hands-1797401_1280-1024x682.jpg 1024w, https:\/\/psy-tcc-enfant-brest.fr\/wp-content\/uploads\/2024\/03\/hands-1797401_1280-300x200.jpg 300w, https:\/\/psy-tcc-enfant-brest.fr\/wp-content\/uploads\/2024\/03\/hands-1797401_1280-768x512.jpg 768w, https:\/\/psy-tcc-enfant-brest.fr\/wp-content\/uploads\/2024\/03\/hands-1797401_1280.jpg 1280w\" sizes=\"(max-width: 1024px) 100vw, 1024px\" \/><\/figure>\n\n\n\n<figure class=\"wp-block-image size-large\"><img decoding=\"async\" width=\"960\" height=\"377\" data-id=\"138\" src=\"https:\/\/psy-tcc-enfant-brest.fr\/wp-content\/uploads\/2024\/03\/people-1923298_1280.jpg\" alt=\"\" class=\"wp-image-138\" srcset=\"https:\/\/psy-tcc-enfant-brest.fr\/wp-content\/uploads\/2024\/03\/people-1923298_1280.jpg 960w, https:\/\/psy-tcc-enfant-brest.fr\/wp-content\/uploads\/2024\/03\/people-1923298_1280-300x118.jpg 300w, https:\/\/psy-tcc-enfant-brest.fr\/wp-content\/uploads\/2024\/03\/people-1923298_1280-768x302.jpg 768w\" sizes=\"(max-width: 960px) 100vw, 960px\" \/><\/figure>\n\n\n\n<figure class=\"wp-block-image size-large\"><img loading=\"lazy\" decoding=\"async\" width=\"1024\" height=\"682\" data-id=\"141\" src=\"https:\/\/psy-tcc-enfant-brest.fr\/wp-content\/uploads\/2024\/03\/pregnant-6178270_1280-1024x682.jpg\" alt=\"\" class=\"wp-image-141\" srcset=\"https:\/\/psy-tcc-enfant-brest.fr\/wp-content\/uploads\/2024\/03\/pregnant-6178270_1280-1024x682.jpg 1024w, https:\/\/psy-tcc-enfant-brest.fr\/wp-content\/uploads\/2024\/03\/pregnant-6178270_1280-300x200.jpg 300w, https:\/\/psy-tcc-enfant-brest.fr\/wp-content\/uploads\/2024\/03\/pregnant-6178270_1280-768x512.jpg 768w, https:\/\/psy-tcc-enfant-brest.fr\/wp-content\/uploads\/2024\/03\/pregnant-6178270_1280.jpg 1280w\" sizes=\"(max-width: 1024px) 100vw, 1024px\" \/><\/figure>\n<\/figure>\n","protected":false},"excerpt":{"rendered":"<p>Du premier rdv au suivi r\u00e9gulier en consultation, quelques \u00e9l\u00e9ments indicatifs des prestations que je propose selon vos besoins : (cliquez pour acc\u00e9dez) 1er RDV : \u00e7a se passe comment? Consultations Enfants Consultations Adolescents Consultations Jeunes Adultes et Adultes Consultations Parents Dans chacune des consultations, l\u2019arr\u00eat de la th\u00e9rapie se d\u00e9cide ensemble lorsque vous ou votre enfant avez atteint les objectifs que chacun s\u2019\u00e9tait fix\u00e9. Il n\u2019est pas possible de d\u00e9finir \u00e0 l\u2019avance le nombre de consultations n\u00e9cessaires car cela d\u00e9pend de nombreux facteurs. Chaque suivi est une exp\u00e9rience diff\u00e9rente et il est possible aussi de s\u2019\u00e9carter du plan \u00e9tablit si la th\u00e9rapie le n\u00e9cessite.<\/p>\n","protected":false},"author":1,"featured_media":0,"parent":0,"menu_order":3,"comment_status":"closed","ping_status":"closed","template":"page-with-sidebar","meta":{"footnotes":""},"class_list":["post-65","page","type-page","status-publish","hentry"],"_links":{"self":[{"href":"https:\/\/psy-tcc-enfant-brest.fr\/index.php\/wp-json\/wp\/v2\/pages\/65","targetHints":{"allow":["GET"]}}],"collection":[{"href":"https:\/\/psy-tcc-enfant-brest.fr\/index.php\/wp-json\/wp\/v2\/pages"}],"about":[{"href":"https:\/\/psy-tcc-enfant-brest.fr\/index.php\/wp-json\/wp\/v2\/types\/page"}],"author":[{"embeddable":true,"href":"https:\/\/psy-tcc-enfant-brest.fr\/index.php\/wp-json\/wp\/v2\/users\/1"}],"replies":[{"embeddable":true,"href":"https:\/\/psy-tcc-enfant-brest.fr\/index.php\/wp-json\/wp\/v2\/comments?post=65"}],"version-history":[{"count":8,"href":"https:\/\/psy-tcc-enfant-brest.fr\/index.php\/wp-json\/wp\/v2\/pages\/65\/revisions"}],"predecessor-version":[{"id":255,"href":"https:\/\/psy-tcc-enfant-brest.fr\/index.php\/wp-json\/wp\/v2\/pages\/65\/revisions\/255"}],"wp:attachment":[{"href":"https:\/\/psy-tcc-enfant-brest.fr\/index.php\/wp-json\/wp\/v2\/media?parent=65"}],"curies":[{"name":"wp","href":"https:\/\/api.w.org\/{rel}","templated":true}]}}