{"id":73,"date":"2024-03-22T00:34:17","date_gmt":"2024-03-21T23:34:17","guid":{"rendered":"https:\/\/psy-tcc-enfant-brest.fr\/?page_id=73"},"modified":"2024-04-08T11:16:58","modified_gmt":"2024-04-08T09:16:58","slug":"consultations-enfants","status":"publish","type":"page","link":"https:\/\/psy-tcc-enfant-brest.fr\/index.php\/prestations\/consultations-enfants\/","title":{"rendered":"Consultations enfants"},"content":{"rendered":"\n<p>Dans l\u2019accompagnement des enfants, le premier rdv se fait en pr\u00e9sence des parents seuls. Je rencontre l\u2019enfant dans un second temps. Ce premier temps permet de comprendre les inqui\u00e9tudes qui vous ont amen\u00e9 \u00e0 prendre rdv. C\u2019est \u00e9galement le moment o\u00f9 je vous explique ma mani\u00e8re de travailler et o\u00f9 je r\u00e9ponds \u00e0 toutes les questions que vous pouvez vous posez.<\/p>\n\n\n\n<p>Dans un deuxi\u00e8me temps, je rencontre votre enfant sur 1 \u00e0 3 s\u00e9ances (en fonction de son \u00e2ge et des besoins exprim\u00e9s), pour comprendre ce qu\u2019il traverse. Les consultations vont permettre de faire un bilan avec l\u2019enfant de ce qui est difficile ou douloureux. Lors de ces premi\u00e8res consultations ou \u00ab&nbsp;entretiens diagnostiques&nbsp;\u00bb, je vais chercher, en lien avec vous, \u00e0 faire le point sur la situation, de ce qui va et de ce qui ne va pas.<\/p>\n\n\n\n<p>Dans un troisi\u00e8me temps, on se revoit de nouveau entre adultes, sans l\u2019enfant. C\u2019est le moment de faire le bilan sur la situation, ce qui a \u00e9volu\u00e9 ou non, des besoins pour votre enfant et d\u2019envisager la suite. En fonction de l\u2019\u00e9volution de votre enfant sur ses s\u00e9ances, cela peut \u00eatre la poursuite des consultations, ou encore des pr\u00e9conisations pour aller consulter un autre sp\u00e9cialiste (p\u00e9dopsychiatre, orthophoniste, psychomotricien, ergoth\u00e9rapeute\u2026).  <\/p>\n\n\n\n<p>Pour les psychoth\u00e9rapies le rythme est souvent d\u2019une s\u00e9ance toutes les deux semaines. Il est aussi possible de ne pas mettre en place de suivi mais de \u00ab\u00a0faire le point\u00a0\u00bb \u00e0 intervalle r\u00e9gulier La dur\u00e9e d\u2019une psychoth\u00e9rapie varie selon les situations :\u00a0la plupart du temps elle dure quelques semaines. Un point r\u00e9gulier est fait avec les parents et l\u2019enfant pour savoir s\u2019ils souhaitent continuer le suivi en th\u00e9rapie ou s\u2019ils pensent que la situation s\u2019est am\u00e9lior\u00e9e.<\/p>\n\n\n\n<div class=\"wp-block-group\"><div class=\"wp-block-group__inner-container is-layout-constrained wp-block-group-is-layout-constrained\">\n<div class=\"wp-block-columns is-layout-flex wp-container-core-columns-is-layout-9d6595d7 wp-block-columns-is-layout-flex\">\n<div class=\"wp-block-column is-layout-flow wp-block-column-is-layout-flow\" style=\"flex-basis:100%\">\n<div class=\"wp-block-group\"><div class=\"wp-block-group__inner-container is-layout-constrained wp-block-group-is-layout-constrained\">\n<figure class=\"wp-block-gallery has-nested-images columns-default is-cropped wp-block-gallery-1 is-layout-flex wp-block-gallery-is-layout-flex\">\n<figure class=\"wp-block-image size-large\"><img fetchpriority=\"high\" decoding=\"async\" width=\"512\" height=\"512\" data-id=\"209\" src=\"https:\/\/psy-tcc-enfant-brest.fr\/wp-content\/uploads\/2024\/03\/cropped-child-1864718_1280-1.jpg\" alt=\"\" class=\"wp-image-209\" srcset=\"https:\/\/psy-tcc-enfant-brest.fr\/wp-content\/uploads\/2024\/03\/cropped-child-1864718_1280-1.jpg 512w, https:\/\/psy-tcc-enfant-brest.fr\/wp-content\/uploads\/2024\/03\/cropped-child-1864718_1280-1-300x300.jpg 300w, https:\/\/psy-tcc-enfant-brest.fr\/wp-content\/uploads\/2024\/03\/cropped-child-1864718_1280-1-150x150.jpg 150w, https:\/\/psy-tcc-enfant-brest.fr\/wp-content\/uploads\/2024\/03\/cropped-child-1864718_1280-1-75x75.jpg 75w, https:\/\/psy-tcc-enfant-brest.fr\/wp-content\/uploads\/2024\/03\/cropped-child-1864718_1280-1-270x270.jpg 270w, https:\/\/psy-tcc-enfant-brest.fr\/wp-content\/uploads\/2024\/03\/cropped-child-1864718_1280-1-192x192.jpg 192w, https:\/\/psy-tcc-enfant-brest.fr\/wp-content\/uploads\/2024\/03\/cropped-child-1864718_1280-1-180x180.jpg 180w, https:\/\/psy-tcc-enfant-brest.fr\/wp-content\/uploads\/2024\/03\/cropped-child-1864718_1280-1-32x32.jpg 32w\" sizes=\"(max-width: 512px) 100vw, 512px\" \/><\/figure>\n\n\n\n<figure class=\"wp-block-image size-large\"><img decoding=\"async\" width=\"1024\" height=\"683\" data-id=\"176\" src=\"https:\/\/psy-tcc-enfant-brest.fr\/wp-content\/uploads\/2024\/03\/front-view-cute-adorable-boy-striped-t-shirt-playing-with-colorful-kinetic-sand-1024x683.jpg\" alt=\"\" class=\"wp-image-176\" srcset=\"https:\/\/psy-tcc-enfant-brest.fr\/wp-content\/uploads\/2024\/03\/front-view-cute-adorable-boy-striped-t-shirt-playing-with-colorful-kinetic-sand-1024x683.jpg 1024w, https:\/\/psy-tcc-enfant-brest.fr\/wp-content\/uploads\/2024\/03\/front-view-cute-adorable-boy-striped-t-shirt-playing-with-colorful-kinetic-sand-300x200.jpg 300w, https:\/\/psy-tcc-enfant-brest.fr\/wp-content\/uploads\/2024\/03\/front-view-cute-adorable-boy-striped-t-shirt-playing-with-colorful-kinetic-sand-768x512.jpg 768w, https:\/\/psy-tcc-enfant-brest.fr\/wp-content\/uploads\/2024\/03\/front-view-cute-adorable-boy-striped-t-shirt-playing-with-colorful-kinetic-sand-1536x1024.jpg 1536w, https:\/\/psy-tcc-enfant-brest.fr\/wp-content\/uploads\/2024\/03\/front-view-cute-adorable-boy-striped-t-shirt-playing-with-colorful-kinetic-sand-2048x1365.jpg 2048w\" sizes=\"(max-width: 1024px) 100vw, 1024px\" \/><\/figure>\n\n\n\n<figure class=\"wp-block-image size-large\"><img decoding=\"async\" width=\"1024\" height=\"846\" data-id=\"128\" src=\"https:\/\/psy-tcc-enfant-brest.fr\/wp-content\/uploads\/2024\/03\/co-oznaczaja-dzieciece-rysunki-1024x846.jpg\" alt=\"\" class=\"wp-image-128\" srcset=\"https:\/\/psy-tcc-enfant-brest.fr\/wp-content\/uploads\/2024\/03\/co-oznaczaja-dzieciece-rysunki-1024x846.jpg 1024w, https:\/\/psy-tcc-enfant-brest.fr\/wp-content\/uploads\/2024\/03\/co-oznaczaja-dzieciece-rysunki-300x248.jpg 300w, https:\/\/psy-tcc-enfant-brest.fr\/wp-content\/uploads\/2024\/03\/co-oznaczaja-dzieciece-rysunki-768x635.jpg 768w, https:\/\/psy-tcc-enfant-brest.fr\/wp-content\/uploads\/2024\/03\/co-oznaczaja-dzieciece-rysunki.jpg 1516w\" sizes=\"(max-width: 1024px) 100vw, 1024px\" \/><\/figure>\n<\/figure>\n<\/div><\/div>\n<\/div>\n<\/div>\n<\/div><\/div>\n\n\n\n<h2 class=\"wp-block-heading has-black-color has-black-background-color has-text-color has-background has-link-color wp-elements-9e63fea0a54525e67aff9dfa245f4e64\">psy tcc brest &#8211; meilleur psy enfant brest &#8211; psy enfant brest<\/h2>\n","protected":false},"excerpt":{"rendered":"<p>Dans l\u2019accompagnement des enfants, le premier rdv se fait en pr\u00e9sence des parents seuls. Je rencontre l\u2019enfant dans un second temps. Ce premier temps permet de comprendre les inqui\u00e9tudes qui vous ont amen\u00e9 \u00e0 prendre rdv. C\u2019est \u00e9galement le moment o\u00f9 je vous explique ma mani\u00e8re de travailler et o\u00f9 je r\u00e9ponds \u00e0 toutes les questions que vous pouvez vous posez. Dans un deuxi\u00e8me temps, je rencontre votre enfant sur 1 \u00e0 3 s\u00e9ances (en fonction de son \u00e2ge et des besoins exprim\u00e9s), pour comprendre ce qu\u2019il traverse. Les consultations vont permettre de faire un bilan avec l\u2019enfant de ce qui est difficile ou douloureux. Lors de ces premi\u00e8res consultations ou \u00ab&nbsp;entretiens diagnostiques&nbsp;\u00bb, je vais chercher, en lien avec vous, \u00e0 faire le point sur la situation, de ce qui va et de ce qui ne va pas. Dans un troisi\u00e8me temps, on se revoit de nouveau entre adultes, sans l\u2019enfant. C\u2019est le moment de faire le bilan sur la situation, ce qui a \u00e9volu\u00e9 ou non, des besoins pour votre enfant et d\u2019envisager la suite. En fonction de l\u2019\u00e9volution de votre enfant sur ses s\u00e9ances, cela peut \u00eatre la poursuite des consultations, ou encore des pr\u00e9conisations pour aller consulter un autre sp\u00e9cialiste (p\u00e9dopsychiatre, orthophoniste, psychomotricien, ergoth\u00e9rapeute\u2026). Pour les psychoth\u00e9rapies le rythme est souvent d\u2019une s\u00e9ance toutes les deux semaines. Il est aussi possible de ne pas mettre en place de suivi mais de \u00ab\u00a0faire le point\u00a0\u00bb \u00e0 intervalle r\u00e9gulier La dur\u00e9e d\u2019une psychoth\u00e9rapie varie selon les situations :\u00a0la plupart du temps elle dure quelques semaines. Un point r\u00e9gulier est fait avec les parents et l\u2019enfant pour savoir s\u2019ils souhaitent continuer le suivi en th\u00e9rapie ou s\u2019ils pensent que la situation s\u2019est am\u00e9lior\u00e9e. psy tcc brest &#8211; meilleur psy enfant brest &#8211; psy enfant brest<\/p>\n","protected":false},"author":1,"featured_media":0,"parent":65,"menu_order":2,"comment_status":"closed","ping_status":"closed","template":"","meta":{"footnotes":""},"class_list":["post-73","page","type-page","status-publish","hentry"],"_links":{"self":[{"href":"https:\/\/psy-tcc-enfant-brest.fr\/index.php\/wp-json\/wp\/v2\/pages\/73","targetHints":{"allow":["GET"]}}],"collection":[{"href":"https:\/\/psy-tcc-enfant-brest.fr\/index.php\/wp-json\/wp\/v2\/pages"}],"about":[{"href":"https:\/\/psy-tcc-enfant-brest.fr\/index.php\/wp-json\/wp\/v2\/types\/page"}],"author":[{"embeddable":true,"href":"https:\/\/psy-tcc-enfant-brest.fr\/index.php\/wp-json\/wp\/v2\/users\/1"}],"replies":[{"embeddable":true,"href":"https:\/\/psy-tcc-enfant-brest.fr\/index.php\/wp-json\/wp\/v2\/comments?post=73"}],"version-history":[{"count":7,"href":"https:\/\/psy-tcc-enfant-brest.fr\/index.php\/wp-json\/wp\/v2\/pages\/73\/revisions"}],"predecessor-version":[{"id":336,"href":"https:\/\/psy-tcc-enfant-brest.fr\/index.php\/wp-json\/wp\/v2\/pages\/73\/revisions\/336"}],"up":[{"embeddable":true,"href":"https:\/\/psy-tcc-enfant-brest.fr\/index.php\/wp-json\/wp\/v2\/pages\/65"}],"wp:attachment":[{"href":"https:\/\/psy-tcc-enfant-brest.fr\/index.php\/wp-json\/wp\/v2\/media?parent=73"}],"curies":[{"name":"wp","href":"https:\/\/api.w.org\/{rel}","templated":true}]}}