{"id":76,"date":"2024-03-22T00:35:49","date_gmt":"2024-03-21T23:35:49","guid":{"rendered":"https:\/\/psy-tcc-enfant-brest.fr\/?page_id=76"},"modified":"2024-03-27T23:24:17","modified_gmt":"2024-03-27T22:24:17","slug":"consultations-adolescents","status":"publish","type":"page","link":"https:\/\/psy-tcc-enfant-brest.fr\/index.php\/prestations\/consultations-adolescents\/","title":{"rendered":"Consultations adolescents"},"content":{"rendered":"\n<p>En fonction de l\u2019\u00e2ge de l\u2019adolescent, de sa maturit\u00e9 et de sa motivation \u00e0 consulter, les s\u00e9ances se rapprochent de ce que je peux proposer comme cadre soit dans l\u2019accompagnement des enfants, soit dans l\u2019accompagnement des jeunes adultes\/adultes.<\/p>\n\n\n\n<p>Le rythme des s\u00e9ances est choisi lors des premi\u00e8res s\u00e9ances et peut \u00eatre modifi\u00e9 au bout d\u2019une certain nombre de s\u00e9ances si besoin.<\/p>\n\n\n\n<p>Pour les psychoth\u00e9rapies, le rythme est souvent d\u2019une s\u00e9ance toutes les deux semaines.<\/p>\n\n\n\n<p>Il est aussi possible de ne pas mettre en place de suivi mais de \u00ab&nbsp;faire le point&nbsp;\u00bb \u00e0 intervalle r\u00e9gulier : par exemple tous les 3 mois.<\/p>\n\n\n\n<p>La dur\u00e9e d\u2019une psychoth\u00e9rapie varie selon les situations :&nbsp;la plupart du temps elle dure entre quelques mois et un an. Un point est fait r\u00e9guli\u00e8rement avec le jeune et ses parents, pour savoir s\u2019ils souhaitent continuer le suivi en th\u00e9rapie ou s\u2019ils pensent que la situation s\u2019est am\u00e9lior\u00e9e.<\/p>\n\n\n<div class=\"wp-block-image\">\n<figure class=\"aligncenter size-full is-resized\"><img fetchpriority=\"high\" decoding=\"async\" width=\"393\" height=\"234\" src=\"https:\/\/psy-tcc-enfant-brest.fr\/wp-content\/uploads\/2024\/03\/OIP.jpeg\" alt=\"\" class=\"wp-image-248\" style=\"width:291px;height:auto\" srcset=\"https:\/\/psy-tcc-enfant-brest.fr\/wp-content\/uploads\/2024\/03\/OIP.jpeg 393w, https:\/\/psy-tcc-enfant-brest.fr\/wp-content\/uploads\/2024\/03\/OIP-300x179.jpeg 300w\" sizes=\"(max-width: 393px) 100vw, 393px\" \/><\/figure>\n<\/div>\n\n<div class=\"wp-block-image\">\n<figure class=\"alignright size-full is-resized\"><img decoding=\"async\" width=\"308\" height=\"234\" src=\"https:\/\/psy-tcc-enfant-brest.fr\/wp-content\/uploads\/2024\/03\/ados-contents.jpeg\" alt=\"\" class=\"wp-image-250\" style=\"width:258px;height:auto\" srcset=\"https:\/\/psy-tcc-enfant-brest.fr\/wp-content\/uploads\/2024\/03\/ados-contents.jpeg 308w, https:\/\/psy-tcc-enfant-brest.fr\/wp-content\/uploads\/2024\/03\/ados-contents-300x228.jpeg 300w\" sizes=\"(max-width: 308px) 100vw, 308px\" \/><\/figure>\n<\/div>\n\n\n<div class=\"wp-block-columns is-layout-flex wp-container-core-columns-is-layout-9d6595d7 wp-block-columns-is-layout-flex\">\n<div class=\"wp-block-column is-layout-flow wp-block-column-is-layout-flow\" style=\"flex-basis:100%\"><div class=\"wp-block-image\">\n<figure class=\"aligncenter size-large is-resized\"><img decoding=\"async\" width=\"1024\" height=\"607\" src=\"http:\/\/psy-tcc-enfant-brest.fr\/wp-content\/uploads\/2024\/03\/pexels-cottonbro-studio-6603124-scaled-e1711577637623-1024x607.jpg\" alt=\"\" class=\"wp-image-247\" style=\"width:279px;height:auto\" srcset=\"https:\/\/psy-tcc-enfant-brest.fr\/wp-content\/uploads\/2024\/03\/pexels-cottonbro-studio-6603124-scaled-e1711577637623-1024x607.jpg 1024w, https:\/\/psy-tcc-enfant-brest.fr\/wp-content\/uploads\/2024\/03\/pexels-cottonbro-studio-6603124-scaled-e1711577637623-300x178.jpg 300w, https:\/\/psy-tcc-enfant-brest.fr\/wp-content\/uploads\/2024\/03\/pexels-cottonbro-studio-6603124-scaled-e1711577637623-768x455.jpg 768w, https:\/\/psy-tcc-enfant-brest.fr\/wp-content\/uploads\/2024\/03\/pexels-cottonbro-studio-6603124-scaled-e1711577637623-1536x910.jpg 1536w, https:\/\/psy-tcc-enfant-brest.fr\/wp-content\/uploads\/2024\/03\/pexels-cottonbro-studio-6603124-scaled-e1711577637623-1140x676.jpg 1140w, https:\/\/psy-tcc-enfant-brest.fr\/wp-content\/uploads\/2024\/03\/pexels-cottonbro-studio-6603124-scaled-e1711577637623.jpg 1706w\" sizes=\"(max-width: 1024px) 100vw, 1024px\" \/><\/figure>\n<\/div><\/div>\n<\/div>\n","protected":false},"excerpt":{"rendered":"<p>En fonction de l\u2019\u00e2ge de l\u2019adolescent, de sa maturit\u00e9 et de sa motivation \u00e0 consulter, les s\u00e9ances se rapprochent de ce que je peux proposer comme cadre soit dans l\u2019accompagnement des enfants, soit dans l\u2019accompagnement des jeunes adultes\/adultes. Le rythme des s\u00e9ances est choisi lors des premi\u00e8res s\u00e9ances et peut \u00eatre modifi\u00e9 au bout d\u2019une certain nombre de s\u00e9ances si besoin. Pour les psychoth\u00e9rapies, le rythme est souvent d\u2019une s\u00e9ance toutes les deux semaines. Il est aussi possible de ne pas mettre en place de suivi mais de \u00ab&nbsp;faire le point&nbsp;\u00bb \u00e0 intervalle r\u00e9gulier : par exemple tous les 3 mois. La dur\u00e9e d\u2019une psychoth\u00e9rapie varie selon les situations :&nbsp;la plupart du temps elle dure entre quelques mois et un an. Un point est fait r\u00e9guli\u00e8rement avec le jeune et ses parents, pour savoir s\u2019ils souhaitent continuer le suivi en th\u00e9rapie ou s\u2019ils pensent que la situation s\u2019est am\u00e9lior\u00e9e.<\/p>\n","protected":false},"author":1,"featured_media":0,"parent":65,"menu_order":3,"comment_status":"closed","ping_status":"closed","template":"","meta":{"footnotes":""},"class_list":["post-76","page","type-page","status-publish","hentry"],"_links":{"self":[{"href":"https:\/\/psy-tcc-enfant-brest.fr\/index.php\/wp-json\/wp\/v2\/pages\/76","targetHints":{"allow":["GET"]}}],"collection":[{"href":"https:\/\/psy-tcc-enfant-brest.fr\/index.php\/wp-json\/wp\/v2\/pages"}],"about":[{"href":"https:\/\/psy-tcc-enfant-brest.fr\/index.php\/wp-json\/wp\/v2\/types\/page"}],"author":[{"embeddable":true,"href":"https:\/\/psy-tcc-enfant-brest.fr\/index.php\/wp-json\/wp\/v2\/users\/1"}],"replies":[{"embeddable":true,"href":"https:\/\/psy-tcc-enfant-brest.fr\/index.php\/wp-json\/wp\/v2\/comments?post=76"}],"version-history":[{"count":3,"href":"https:\/\/psy-tcc-enfant-brest.fr\/index.php\/wp-json\/wp\/v2\/pages\/76\/revisions"}],"predecessor-version":[{"id":251,"href":"https:\/\/psy-tcc-enfant-brest.fr\/index.php\/wp-json\/wp\/v2\/pages\/76\/revisions\/251"}],"up":[{"embeddable":true,"href":"https:\/\/psy-tcc-enfant-brest.fr\/index.php\/wp-json\/wp\/v2\/pages\/65"}],"wp:attachment":[{"href":"https:\/\/psy-tcc-enfant-brest.fr\/index.php\/wp-json\/wp\/v2\/media?parent=76"}],"curies":[{"name":"wp","href":"https:\/\/api.w.org\/{rel}","templated":true}]}}