{"id":8,"date":"2024-03-21T12:15:57","date_gmt":"2024-03-21T11:15:57","guid":{"rendered":"https:\/\/psy-tcc-enfant-brest.fr\/?page_id=8"},"modified":"2024-04-04T22:07:30","modified_gmt":"2024-04-04T20:07:30","slug":"accueil","status":"publish","type":"page","link":"https:\/\/psy-tcc-enfant-brest.fr\/","title":{"rendered":"Accueil"},"content":{"rendered":"\n<h2 class=\"wp-block-heading has-text-align-center\">Psychologue pour enfants et adolescents \u00e0 Brest<\/h2>\n\n\n\n<div class=\"wp-block-media-text has-media-on-the-right is-stacked-on-mobile is-vertically-aligned-center\" style=\"grid-template-columns:auto 24%\"><div class=\"wp-block-media-text__content\">\n<p class=\"has-medium-font-size\"><br><strong>Je suis Nolwenn Milon, psychologue sp\u00e9cialis\u00e9e dans le d\u00e9veloppement de l\u2019enfant et de l\u2019adolescent, dans le soutien \u00e0 la parentalit\u00e9 et la p\u00e9rinatalit\u00e9.<\/strong><\/p>\n\n\n\n<p class=\"has-medium-font-size\">Je vous accueille en consultation dans mon cabinet \u00e0 Brest, pr\u00e8s de la place de Strasbourg.<\/p>\n<\/div><figure class=\"wp-block-media-text__media\"><img fetchpriority=\"high\" decoding=\"async\" width=\"860\" height=\"1024\" src=\"https:\/\/psy-tcc-enfant-brest.fr\/wp-content\/uploads\/2024\/03\/Photo-identite-Nol-1-860x1024.jpg\" alt=\"\" class=\"wp-image-35 size-full\" srcset=\"https:\/\/psy-tcc-enfant-brest.fr\/wp-content\/uploads\/2024\/03\/Photo-identite-Nol-1-860x1024.jpg 860w, https:\/\/psy-tcc-enfant-brest.fr\/wp-content\/uploads\/2024\/03\/Photo-identite-Nol-1-252x300.jpg 252w, https:\/\/psy-tcc-enfant-brest.fr\/wp-content\/uploads\/2024\/03\/Photo-identite-Nol-1-768x914.jpg 768w, https:\/\/psy-tcc-enfant-brest.fr\/wp-content\/uploads\/2024\/03\/Photo-identite-Nol-1-1290x1536.jpg 1290w, https:\/\/psy-tcc-enfant-brest.fr\/wp-content\/uploads\/2024\/03\/Photo-identite-Nol-1.jpg 1440w\" sizes=\"(max-width: 860px) 100vw, 860px\" \/><\/figure><\/div>\n\n\n\n<p><br><\/p>\n\n\n\n<figure class=\"wp-block-gallery has-nested-images columns-default is-cropped wp-block-gallery-1 is-layout-flex wp-block-gallery-is-layout-flex\">\n<figure class=\"wp-block-image size-large\"><img decoding=\"async\" width=\"768\" height=\"1024\" data-id=\"259\" src=\"https:\/\/psy-tcc-enfant-brest.fr\/wp-content\/uploads\/2024\/03\/photos-cab-768x1024.jpg\" alt=\"\" class=\"wp-image-259\" srcset=\"https:\/\/psy-tcc-enfant-brest.fr\/wp-content\/uploads\/2024\/03\/photos-cab-768x1024.jpg 768w, https:\/\/psy-tcc-enfant-brest.fr\/wp-content\/uploads\/2024\/03\/photos-cab-225x300.jpg 225w, https:\/\/psy-tcc-enfant-brest.fr\/wp-content\/uploads\/2024\/03\/photos-cab-1152x1536.jpg 1152w, https:\/\/psy-tcc-enfant-brest.fr\/wp-content\/uploads\/2024\/03\/photos-cab-1140x1520.jpg 1140w, https:\/\/psy-tcc-enfant-brest.fr\/wp-content\/uploads\/2024\/03\/photos-cab.jpg 1200w\" sizes=\"(max-width: 768px) 100vw, 768px\" \/><\/figure>\n\n\n\n<figure class=\"wp-block-image size-large\"><img decoding=\"async\" width=\"768\" height=\"1024\" data-id=\"261\" src=\"https:\/\/psy-tcc-enfant-brest.fr\/wp-content\/uploads\/2024\/03\/WhatsApp-Image-2024-03-29-a-15.39.29_f82ab36c-768x1024.jpg\" alt=\"\" class=\"wp-image-261\" srcset=\"https:\/\/psy-tcc-enfant-brest.fr\/wp-content\/uploads\/2024\/03\/WhatsApp-Image-2024-03-29-a-15.39.29_f82ab36c-768x1024.jpg 768w, https:\/\/psy-tcc-enfant-brest.fr\/wp-content\/uploads\/2024\/03\/WhatsApp-Image-2024-03-29-a-15.39.29_f82ab36c-225x300.jpg 225w, https:\/\/psy-tcc-enfant-brest.fr\/wp-content\/uploads\/2024\/03\/WhatsApp-Image-2024-03-29-a-15.39.29_f82ab36c-1152x1536.jpg 1152w, https:\/\/psy-tcc-enfant-brest.fr\/wp-content\/uploads\/2024\/03\/WhatsApp-Image-2024-03-29-a-15.39.29_f82ab36c-1140x1520.jpg 1140w, https:\/\/psy-tcc-enfant-brest.fr\/wp-content\/uploads\/2024\/03\/WhatsApp-Image-2024-03-29-a-15.39.29_f82ab36c.jpg 1200w\" sizes=\"(max-width: 768px) 100vw, 768px\" \/><\/figure>\n<\/figure>\n\n\n\n<h1 class=\"wp-block-heading has-black-color has-black-background-color has-text-color has-background has-link-color wp-elements-f1205e7cd023462e0ff8311192a96ef6\">psy pour enfant brest<\/h1>\n","protected":false},"excerpt":{"rendered":"<p>Psychologue pour enfants et adolescents \u00e0 Brest Je suis Nolwenn Milon, psychologue sp\u00e9cialis\u00e9e dans le d\u00e9veloppement de l\u2019enfant et de l\u2019adolescent, dans le soutien \u00e0 la parentalit\u00e9 et la p\u00e9rinatalit\u00e9. Je vous accueille en consultation dans mon cabinet \u00e0 Brest, pr\u00e8s de la place de Strasbourg. psy pour enfant brest<\/p>\n","protected":false},"author":1,"featured_media":0,"parent":0,"menu_order":0,"comment_status":"closed","ping_status":"closed","template":"page-with-sidebar","meta":{"footnotes":""},"class_list":["post-8","page","type-page","status-publish","hentry"],"_links":{"self":[{"href":"https:\/\/psy-tcc-enfant-brest.fr\/index.php\/wp-json\/wp\/v2\/pages\/8","targetHints":{"allow":["GET"]}}],"collection":[{"href":"https:\/\/psy-tcc-enfant-brest.fr\/index.php\/wp-json\/wp\/v2\/pages"}],"about":[{"href":"https:\/\/psy-tcc-enfant-brest.fr\/index.php\/wp-json\/wp\/v2\/types\/page"}],"author":[{"embeddable":true,"href":"https:\/\/psy-tcc-enfant-brest.fr\/index.php\/wp-json\/wp\/v2\/users\/1"}],"replies":[{"embeddable":true,"href":"https:\/\/psy-tcc-enfant-brest.fr\/index.php\/wp-json\/wp\/v2\/comments?post=8"}],"version-history":[{"count":25,"href":"https:\/\/psy-tcc-enfant-brest.fr\/index.php\/wp-json\/wp\/v2\/pages\/8\/revisions"}],"predecessor-version":[{"id":297,"href":"https:\/\/psy-tcc-enfant-brest.fr\/index.php\/wp-json\/wp\/v2\/pages\/8\/revisions\/297"}],"wp:attachment":[{"href":"https:\/\/psy-tcc-enfant-brest.fr\/index.php\/wp-json\/wp\/v2\/media?parent=8"}],"curies":[{"name":"wp","href":"https:\/\/api.w.org\/{rel}","templated":true}]}}