{"id":88,"date":"2024-03-22T12:56:56","date_gmt":"2024-03-22T11:56:56","guid":{"rendered":"https:\/\/psy-tcc-enfant-brest.fr\/?page_id=88"},"modified":"2024-03-27T00:34:22","modified_gmt":"2024-03-26T23:34:22","slug":"consultations-jeunes-adultes-adultes","status":"publish","type":"page","link":"https:\/\/psy-tcc-enfant-brest.fr\/index.php\/prestations\/consultations-jeunes-adultes-adultes\/","title":{"rendered":"Consultations Jeunes Adultes \/ Adultes"},"content":{"rendered":"\n<p>La premi\u00e8re s\u00e9ance est l\u2019occasion de faire connaissance, et de comprendre ce qui vous am\u00e8ne \u00e0 consulter. Par la suite, nous explorerons ensemble aussi bien votre pass\u00e9, afin de rep\u00e9rer vos apprentissages, que vos difficult\u00e9s actuelles, afin de fixer ensemble les objectifs et mettre en \u0153uvre les solutions concr\u00e8tes \u00e0 l\u2019aide d\u2019un plan th\u00e9rapeutique. Par la suite, si les difficult\u00e9s semblent importantes, un suivi r\u00e9gulier peut \u00eatre mis en place.<\/p>\n\n\n\n<p>Pour les psychoth\u00e9rapies le rythme est souvent d\u2019une s\u00e9ance toutes les semaines ou toutes les deux semaines. La fr\u00e9quence des s\u00e9ances peut \u00e9voluer \u00e0 tout moment, en fonction de chaque situation.<\/p>\n\n\n\n<p>La dur\u00e9e d\u2019une psychoth\u00e9rapie varie selon les situations : la plupart du temps elle dure entre quelques mois et un an.<\/p>\n","protected":false},"excerpt":{"rendered":"<p>La premi\u00e8re s\u00e9ance est l\u2019occasion de faire connaissance, et de comprendre ce qui vous am\u00e8ne \u00e0 consulter. Par la suite, nous explorerons ensemble aussi bien votre pass\u00e9, afin de rep\u00e9rer vos apprentissages, que vos difficult\u00e9s actuelles, afin de fixer ensemble les objectifs et mettre en \u0153uvre les solutions concr\u00e8tes \u00e0 l\u2019aide d\u2019un plan th\u00e9rapeutique. Par la suite, si les difficult\u00e9s semblent importantes, un suivi r\u00e9gulier peut \u00eatre mis en place. Pour les psychoth\u00e9rapies le rythme est souvent d\u2019une s\u00e9ance toutes les semaines ou toutes les deux semaines. La fr\u00e9quence des s\u00e9ances peut \u00e9voluer \u00e0 tout moment, en fonction de chaque situation. La dur\u00e9e d\u2019une psychoth\u00e9rapie varie selon les situations : la plupart du temps elle dure entre quelques mois et un an.<\/p>\n","protected":false},"author":1,"featured_media":0,"parent":65,"menu_order":4,"comment_status":"closed","ping_status":"closed","template":"","meta":{"footnotes":""},"class_list":["post-88","page","type-page","status-publish","hentry"],"_links":{"self":[{"href":"https:\/\/psy-tcc-enfant-brest.fr\/index.php\/wp-json\/wp\/v2\/pages\/88","targetHints":{"allow":["GET"]}}],"collection":[{"href":"https:\/\/psy-tcc-enfant-brest.fr\/index.php\/wp-json\/wp\/v2\/pages"}],"about":[{"href":"https:\/\/psy-tcc-enfant-brest.fr\/index.php\/wp-json\/wp\/v2\/types\/page"}],"author":[{"embeddable":true,"href":"https:\/\/psy-tcc-enfant-brest.fr\/index.php\/wp-json\/wp\/v2\/users\/1"}],"replies":[{"embeddable":true,"href":"https:\/\/psy-tcc-enfant-brest.fr\/index.php\/wp-json\/wp\/v2\/comments?post=88"}],"version-history":[{"count":2,"href":"https:\/\/psy-tcc-enfant-brest.fr\/index.php\/wp-json\/wp\/v2\/pages\/88\/revisions"}],"predecessor-version":[{"id":90,"href":"https:\/\/psy-tcc-enfant-brest.fr\/index.php\/wp-json\/wp\/v2\/pages\/88\/revisions\/90"}],"up":[{"embeddable":true,"href":"https:\/\/psy-tcc-enfant-brest.fr\/index.php\/wp-json\/wp\/v2\/pages\/65"}],"wp:attachment":[{"href":"https:\/\/psy-tcc-enfant-brest.fr\/index.php\/wp-json\/wp\/v2\/media?parent=88"}],"curies":[{"name":"wp","href":"https:\/\/api.w.org\/{rel}","templated":true}]}}