{"id":91,"date":"2024-03-22T13:04:57","date_gmt":"2024-03-22T12:04:57","guid":{"rendered":"https:\/\/psy-tcc-enfant-brest.fr\/?page_id=91"},"modified":"2024-03-27T00:34:34","modified_gmt":"2024-03-26T23:34:34","slug":"consultations-parents","status":"publish","type":"page","link":"https:\/\/psy-tcc-enfant-brest.fr\/index.php\/prestations\/consultations-parents\/","title":{"rendered":"Consultations parents"},"content":{"rendered":"\n<p><\/p>\n\n\n\n<p>Quand vous avez le sentiment de devoir toujours crier<\/p>\n\n\n\n<p>Quand il faut que vous r\u00e9p\u00e9tiez cent fois la m\u00eame chose pour vous faire entendre<\/p>\n\n\n\n<p>Quand vous n\u2019arrivez plus \u00e0 comprendre le comportement de vos enfants<\/p>\n\n\n\n<p>Quand l\u2019\u00e9cole et les devoirs d\u00e9gradent fortement l\u2019ambiance \u00e0 la maison<\/p>\n\n\n\n<p>Quand vous vous inqui\u00e9tez d\u2019un changement dans la famille (naissance, famille recompos\u00e9e, s\u00e9paration)<\/p>\n\n\n\n<p>Quand votre quotidien est tr\u00e8s loin de ce que vous imaginez comme vie de famille&#8230;<\/p>\n\n\n\n<p>&#8230;il peut-\u00eatre utile de venir consulter<\/p>\n\n\n\n<p><\/p>\n\n\n\n<p>Ensemble, nous r\u00e9fl\u00e9chirons aux causes de ces probl\u00e9matiques, et trouverons ensemble des strat\u00e9gies, outils pratiques \u00e0 mettre en place au quotidien, afin de retrouver <strong>une vie de famille sereine et apais\u00e9e<\/strong>.<\/p>\n\n\n\n<p>Le rythme des s\u00e9ances est choisi lors des premiers entretiens en fonction de votre situation et peut \u00eatre modifi\u00e9 \u00e0 tout moment.<\/p>\n","protected":false},"excerpt":{"rendered":"<p>Quand vous avez le sentiment de devoir toujours crier Quand il faut que vous r\u00e9p\u00e9tiez cent fois la m\u00eame chose pour vous faire entendre Quand vous n\u2019arrivez plus \u00e0 comprendre le comportement de vos enfants Quand l\u2019\u00e9cole et les devoirs d\u00e9gradent fortement l\u2019ambiance \u00e0 la maison Quand vous vous inqui\u00e9tez d\u2019un changement dans la famille (naissance, famille recompos\u00e9e, s\u00e9paration) Quand votre quotidien est tr\u00e8s loin de ce que vous imaginez comme vie de famille&#8230; &#8230;il peut-\u00eatre utile de venir consulter Ensemble, nous r\u00e9fl\u00e9chirons aux causes de ces probl\u00e9matiques, et trouverons ensemble des strat\u00e9gies, outils pratiques \u00e0 mettre en place au quotidien, afin de retrouver une vie de famille sereine et apais\u00e9e. Le rythme des s\u00e9ances est choisi lors des premiers entretiens en fonction de votre situation et peut \u00eatre modifi\u00e9 \u00e0 tout moment.<\/p>\n","protected":false},"author":1,"featured_media":0,"parent":65,"menu_order":5,"comment_status":"closed","ping_status":"closed","template":"","meta":{"footnotes":""},"class_list":["post-91","page","type-page","status-publish","hentry"],"_links":{"self":[{"href":"https:\/\/psy-tcc-enfant-brest.fr\/index.php\/wp-json\/wp\/v2\/pages\/91","targetHints":{"allow":["GET"]}}],"collection":[{"href":"https:\/\/psy-tcc-enfant-brest.fr\/index.php\/wp-json\/wp\/v2\/pages"}],"about":[{"href":"https:\/\/psy-tcc-enfant-brest.fr\/index.php\/wp-json\/wp\/v2\/types\/page"}],"author":[{"embeddable":true,"href":"https:\/\/psy-tcc-enfant-brest.fr\/index.php\/wp-json\/wp\/v2\/users\/1"}],"replies":[{"embeddable":true,"href":"https:\/\/psy-tcc-enfant-brest.fr\/index.php\/wp-json\/wp\/v2\/comments?post=91"}],"version-history":[{"count":3,"href":"https:\/\/psy-tcc-enfant-brest.fr\/index.php\/wp-json\/wp\/v2\/pages\/91\/revisions"}],"predecessor-version":[{"id":120,"href":"https:\/\/psy-tcc-enfant-brest.fr\/index.php\/wp-json\/wp\/v2\/pages\/91\/revisions\/120"}],"up":[{"embeddable":true,"href":"https:\/\/psy-tcc-enfant-brest.fr\/index.php\/wp-json\/wp\/v2\/pages\/65"}],"wp:attachment":[{"href":"https:\/\/psy-tcc-enfant-brest.fr\/index.php\/wp-json\/wp\/v2\/media?parent=91"}],"curies":[{"name":"wp","href":"https:\/\/api.w.org\/{rel}","templated":true}]}}